{"id":38,"date":"2015-12-28T12:40:22","date_gmt":"2015-12-28T11:40:22","guid":{"rendered":"http:\/\/it-merge.com\/?page_id=38"},"modified":"2017-12-20T10:01:24","modified_gmt":"2017-12-20T09:01:24","slug":"my-projects","status":"publish","type":"page","link":"https:\/\/it-merge.com\/?page_id=38","title":{"rendered":"My Projects"},"content":{"rendered":"<h2>Technical projects<\/h2>\n<p>Well these are real private projects, to get a step away from professional life \ud83d\ude42<\/p>\n<div class=\"pt-cv-wrapper\"><div class=\"pt-cv-view pt-cv-grid pt-cv-colsys\" id=\"pt-cv-view-9d06083e2c\"><div data-id=\"pt-cv-page-1\" class=\"pt-cv-page\" data-cvc=\"2\"><div class=\"col-md-6 col-sm-6 col-xs-12 pt-cv-content-item pt-cv-1-col\" ><div class='pt-cv-ifield'><a href=\"https:\/\/it-merge.com\/?p=525\" class=\"_self pt-cv-href-thumbnail pt-cv-thumb-default\" target=\"_self\" ><\/a>\n<h4 class=\"pt-cv-title\"><a href=\"https:\/\/it-merge.com\/?p=525\" class=\"_self\" target=\"_self\" >WordPress 4.9.6 cookies-consent remove<\/a><\/h4>\n<div class=\"pt-cv-content\">Remove the cookie-consent With\u00a0update 4.9.6 of WordPress commenting will require to set the name email and so on. In general ...<\/div><\/div><\/div>\n<div class=\"col-md-6 col-sm-6 col-xs-12 pt-cv-content-item pt-cv-1-col\" ><div class='pt-cv-ifield'><a href=\"https:\/\/it-merge.com\/?p=481\" class=\"_self pt-cv-href-thumbnail pt-cv-thumb-default\" target=\"_self\" ><\/a>\n<h4 class=\"pt-cv-title\"><a href=\"https:\/\/it-merge.com\/?p=481\" class=\"_self\" target=\"_self\" >Make the webside more secure &#8230;<\/a><\/h4>\n<div class=\"pt-cv-content\">If .htaccess is not proper used because PHP is loaded as CGI Well it takes a time, but now after ...<\/div><\/div><\/div>\n<div class=\"col-md-6 col-sm-6 col-xs-12 pt-cv-content-item pt-cv-1-col\" ><div class='pt-cv-ifield'><a href=\"https:\/\/it-merge.com\/?p=374\" class=\"_self pt-cv-href-thumbnail pt-cv-thumb-default\" target=\"_self\" ><img loading=\"lazy\" decoding=\"async\" width=\"400\" height=\"300\" src=\"https:\/\/it-merge.com\/wp-content\/uploads\/2017\/12\/68287666-52EA-47D4-8B00-1B139B47B0ED-e1526200163946.jpeg\" class=\"pt-cv-thumbnail\" alt=\"\" \/><\/a>\n<h4 class=\"pt-cv-title\"><a href=\"https:\/\/it-merge.com\/?p=374\" class=\"_self\" target=\"_self\" >Stop advertising on the road<\/a><\/h4>\n<div class=\"pt-cv-content\">Why should I give me personal data for free? Once again I'm started to be stressed by the outnumbered tries ...<\/div><\/div><\/div>\n<div class=\"col-md-6 col-sm-6 col-xs-12 pt-cv-content-item pt-cv-1-col\" ><div class='pt-cv-ifield'><a href=\"https:\/\/it-merge.com\/?p=355\" class=\"_self pt-cv-href-thumbnail pt-cv-thumb-default\" target=\"_self\" ><img loading=\"lazy\" decoding=\"async\" width=\"140\" height=\"160\" src=\"https:\/\/it-merge.com\/wp-content\/uploads\/2016\/12\/wordpress.png\" class=\"pt-cv-thumbnail\" alt=\"\" \/><\/a>\n<h4 class=\"pt-cv-title\"><a href=\"https:\/\/it-merge.com\/?p=355\" class=\"_self\" target=\"_self\" >WordPress editor &#8211; no text no buttons<\/a><\/h4>\n<div class=\"pt-cv-content\">Yes this simple issue took me &gt;1h to fix \ud83d\ude41 Tried to reinstall sources, deactivate the theme and plugins. Clear ...<\/div><\/div><\/div>\n<div class=\"col-md-6 col-sm-6 col-xs-12 pt-cv-content-item pt-cv-1-col\" ><div class='pt-cv-ifield'><a href=\"https:\/\/it-merge.com\/?p=345\" class=\"_self pt-cv-href-thumbnail pt-cv-thumb-default\" target=\"_self\" ><img loading=\"lazy\" decoding=\"async\" width=\"203\" height=\"88\" src=\"https:\/\/it-merge.com\/wp-content\/uploads\/2016\/12\/pi-hole-pic.png\" class=\"pt-cv-thumbnail\" alt=\"\" \/><\/a>\n<h4 class=\"pt-cv-title\"><a href=\"https:\/\/it-merge.com\/?p=345\" class=\"_self\" target=\"_self\" >A black hole for Internet advertisements &#8211; yes I want that!<\/a><\/h4>\n<div class=\"pt-cv-content\">Throw\u00a0ADs to \/dev\/null Pretty easy and cheap tool to install on a Raspberry. Put just one line on code on ...<\/div><\/div><\/div>\n<div class=\"col-md-6 col-sm-6 col-xs-12 pt-cv-content-item pt-cv-1-col\" ><div class='pt-cv-ifield'><a href=\"https:\/\/it-merge.com\/?p=338\" class=\"_self pt-cv-href-thumbnail pt-cv-thumb-default\" target=\"_self\" ><\/a>\n<h4 class=\"pt-cv-title\"><a href=\"https:\/\/it-merge.com\/?p=338\" class=\"_self\" target=\"_self\" >Having an issue with Window 8.1 update mechanismn<\/a><\/h4>\n<div class=\"pt-cv-content\">Windows Update never return from search The issue after installing 8.1 from scratch was that Windows couldn't find any updates ...<\/div><\/div><\/div>\n<div class=\"col-md-6 col-sm-6 col-xs-12 pt-cv-content-item pt-cv-1-col\" ><div class='pt-cv-ifield'><a href=\"https:\/\/it-merge.com\/?p=327\" class=\"_self pt-cv-href-thumbnail pt-cv-thumb-default\" target=\"_self\" ><img loading=\"lazy\" decoding=\"async\" width=\"250\" height=\"99\" src=\"https:\/\/it-merge.com\/wp-content\/uploads\/2016\/10\/openmediavault-250x99.png\" class=\"pt-cv-thumbnail\" alt=\"\" \/><\/a>\n<h4 class=\"pt-cv-title\"><a href=\"https:\/\/it-merge.com\/?p=327\" class=\"_self\" target=\"_self\" >Upgrade OMV to 3.X takes me hours<\/a><\/h4>\n<div class=\"pt-cv-content\">Easy upgrade Yea that upgrade is easy to start by omv-update &amp;&amp; omv-release-upgrade but it stopped on my system with ...<\/div><\/div><\/div>\n<div class=\"col-md-6 col-sm-6 col-xs-12 pt-cv-content-item pt-cv-1-col\" ><div class='pt-cv-ifield'><a href=\"https:\/\/it-merge.com\/?p=318\" class=\"_self pt-cv-href-thumbnail pt-cv-thumb-default\" target=\"_self\" ><\/a>\n<h4 class=\"pt-cv-title\"><a href=\"https:\/\/it-merge.com\/?p=318\" class=\"_self\" target=\"_self\" >Testing ownCloud<\/a><\/h4>\n<div class=\"pt-cv-content\">Everyone wants your data.. and\u00a0there are many ways to loose control of it. One way to start to protect them ...<\/div><\/div><\/div>\n<div class=\"col-md-6 col-sm-6 col-xs-12 pt-cv-content-item pt-cv-1-col\" ><div class='pt-cv-ifield'><a href=\"https:\/\/it-merge.com\/?p=263\" class=\"_self pt-cv-href-thumbnail pt-cv-thumb-default\" target=\"_self\" ><img loading=\"lazy\" decoding=\"async\" width=\"250\" height=\"175\" src=\"https:\/\/it-merge.com\/wp-content\/uploads\/2016\/04\/image-4-250x175.jpeg\" class=\"pt-cv-thumbnail\" alt=\"\" \/><\/a>\n<h4 class=\"pt-cv-title\"><a href=\"https:\/\/it-merge.com\/?p=263\" class=\"_self\" target=\"_self\" >Reuse the FritzBox on the Cable modem<\/a><\/h4>\n<div class=\"pt-cv-content\">The secret of RJ11 and RJ45 I was very unpleased to have such a great box staying around just to ...<\/div><\/div><\/div>\n<div class=\"col-md-6 col-sm-6 col-xs-12 pt-cv-content-item pt-cv-1-col\" ><div class='pt-cv-ifield'><a href=\"https:\/\/it-merge.com\/?p=209\" class=\"_self pt-cv-href-thumbnail pt-cv-thumb-default\" target=\"_self\" ><\/a>\n<h4 class=\"pt-cv-title\"><a href=\"https:\/\/it-merge.com\/?p=209\" class=\"_self\" target=\"_self\" >Tails &#8211; Privatsph\u00e4re f\u00fcr jeden, \u00fcberall<\/a><\/h4>\n<div class=\"pt-cv-content\">New Trails version 2.0 available Source: Tails - Privatsph\u00e4re f\u00fcr jeden, \u00fcberall ...<\/div><\/div><\/div><\/div><\/div><\/div>\n<h2>Code snipples<\/h2>\n<p>Even in managing position, sometimes it\u2019s good to be able to code. Especially the power of the combination of Excel, a DB, pivot tables and VB is amazing.<\/p>\n<p>I experienced many times that the organistions is not able (by budget or skill) to provide a solution which simply do the job or is inefficient. As a workaround or we can also say as risk mediation I do some automations, or build some tools to simplify boring daily work. It helps to optimise the workflow and buy the nessary time to concentrate on the important tasks.<\/p>\n<div class=\"pt-cv-wrapper\"><div class=\"pt-cv-view pt-cv-grid pt-cv-colsys\" id=\"pt-cv-view-c040e88e24\"><div data-id=\"pt-cv-page-1\" class=\"pt-cv-page\" data-cvc=\"2\"><div class=\"col-md-6 col-sm-6 col-xs-12 pt-cv-content-item pt-cv-1-col\" ><div class='pt-cv-ifield'><a href=\"https:\/\/it-merge.com\/?p=460\" class=\"_self pt-cv-href-thumbnail pt-cv-thumb-default\" target=\"_self\" ><img loading=\"lazy\" decoding=\"async\" width=\"68\" height=\"57\" src=\"https:\/\/it-merge.com\/wp-content\/uploads\/2018\/04\/KeyPass.png\" class=\"pt-cv-thumbnail\" alt=\"\" \/><\/a>\n<h4 class=\"pt-cv-title\"><a href=\"https:\/\/it-merge.com\/?p=460\" class=\"_self\" target=\"_self\" >Passwords<\/a><\/h4>\n<div class=\"pt-cv-content\">Keep it secureUntil I used a password manager I struggling several times with passwords. Now I use on the PC ...<\/div><\/div><\/div>\n<div class=\"col-md-6 col-sm-6 col-xs-12 pt-cv-content-item pt-cv-1-col\" ><div class='pt-cv-ifield'><a href=\"https:\/\/it-merge.com\/?p=414\" class=\"_self pt-cv-href-thumbnail pt-cv-thumb-default\" target=\"_self\" ><img loading=\"lazy\" decoding=\"async\" width=\"300\" height=\"220\" src=\"https:\/\/it-merge.com\/wp-content\/uploads\/2017\/12\/Tablesimple1-300x220.png\" class=\"pt-cv-thumbnail\" alt=\"\" srcset=\"https:\/\/it-merge.com\/wp-content\/uploads\/2017\/12\/Tablesimple1-300x220.png 300w, https:\/\/it-merge.com\/wp-content\/uploads\/2017\/12\/Tablesimple1.png 381w\" sizes=\"auto, (max-width: 300px) 100vw, 300px\" \/><\/a>\n<h4 class=\"pt-cv-title\"><a href=\"https:\/\/it-merge.com\/?p=414\" class=\"_self\" target=\"_self\" >Combination of a table and pivot<\/a><\/h4>\n<div class=\"pt-cv-content\">Basis is the table The basic for an efficient pivot usage is the consequent use of the table. Define the ...<\/div><\/div><\/div>\n<div class=\"col-md-6 col-sm-6 col-xs-12 pt-cv-content-item pt-cv-1-col\" ><div class='pt-cv-ifield'><a href=\"https:\/\/it-merge.com\/?p=16\" class=\"_self pt-cv-href-thumbnail pt-cv-thumb-default\" target=\"_self\" ><\/a>\n<h4 class=\"pt-cv-title\"><a href=\"https:\/\/it-merge.com\/?p=16\" class=\"_self\" target=\"_self\" >Pivot query update with Excel<\/a><\/h4>\n<div class=\"pt-cv-content\">Update of an Excel database query to update pivots A database query (e.g. ODBC database connection to a MySQL db) ...<\/div><\/div><\/div><\/div><\/div><\/div>\n<h2>Certifications<\/h2>\n<p>Another important part of my projects is the continues learning. The following posts containing my experiences and thoughts about certifications and the use.<\/p>\n<div class=\"pt-cv-wrapper\"><div class=\"pt-cv-view pt-cv-grid pt-cv-colsys\" id=\"pt-cv-view-9a2a74f45d\"><div data-id=\"pt-cv-page-1\" class=\"pt-cv-page\" data-cvc=\"2\"><div class=\"col-md-6 col-sm-6 col-xs-12 pt-cv-content-item pt-cv-1-col\" ><div class='pt-cv-ifield'><a href=\"https:\/\/it-merge.com\/?p=180\" class=\"_self pt-cv-href-thumbnail pt-cv-thumb-default\" target=\"_self\" ><img loading=\"lazy\" decoding=\"async\" width=\"140\" height=\"56\" src=\"https:\/\/it-merge.com\/wp-content\/uploads\/2016\/05\/pmi-e1482707366154.png\" class=\"pt-cv-thumbnail\" alt=\"\" \/><\/a>\n<h4 class=\"pt-cv-title\"><a href=\"https:\/\/it-merge.com\/?p=180\" class=\"_self\" target=\"_self\" >PMP and ITIL<\/a><\/h4>\n<div class=\"pt-cv-content\">ITIL or PMP Well ITIL do not have a real project methodology inherent, at least to my level of understanding ...<\/div><\/div><\/div>\n<div class=\"col-md-6 col-sm-6 col-xs-12 pt-cv-content-item pt-cv-1-col\" ><div class='pt-cv-ifield'><a href=\"https:\/\/it-merge.com\/?p=78\" class=\"_self pt-cv-href-thumbnail pt-cv-thumb-default\" target=\"_self\" ><img loading=\"lazy\" decoding=\"async\" width=\"140\" height=\"56\" src=\"https:\/\/it-merge.com\/wp-content\/uploads\/2016\/05\/pmi-e1482707366154.png\" class=\"pt-cv-thumbnail\" alt=\"\" \/><\/a>\n<h4 class=\"pt-cv-title\"><a href=\"https:\/\/it-merge.com\/?p=78\" class=\"_self\" target=\"_self\" >PMP exam change 2016-01<\/a><\/h4>\n<div class=\"pt-cv-content\">... after 11.01.2016 nothing serious, but important to know is the small enhancement of the PMP framework announced here. See ...<\/div><\/div><\/div><\/div><\/div><\/div>\n<p>&nbsp;<\/p>\n<p>&nbsp;<\/p>\n","protected":false},"excerpt":{"rendered":"<p>Technical projects Well these are real private projects, to get a step away from professional life \ud83d\ude42 Code snipples Even[&#8230;]<\/p>\n","protected":false},"author":2,"featured_media":0,"parent":0,"menu_order":-1,"comment_status":"closed","ping_status":"closed","template":"","meta":{"footnotes":""},"class_list":["post-38","page","type-page","status-publish","hentry"],"_links":{"self":[{"href":"https:\/\/it-merge.com\/index.php?rest_route=\/wp\/v2\/pages\/38","targetHints":{"allow":["GET"]}}],"collection":[{"href":"https:\/\/it-merge.com\/index.php?rest_route=\/wp\/v2\/pages"}],"about":[{"href":"https:\/\/it-merge.com\/index.php?rest_route=\/wp\/v2\/types\/page"}],"author":[{"embeddable":true,"href":"https:\/\/it-merge.com\/index.php?rest_route=\/wp\/v2\/users\/2"}],"replies":[{"embeddable":true,"href":"https:\/\/it-merge.com\/index.php?rest_route=%2Fwp%2Fv2%2Fcomments&post=38"}],"version-history":[{"count":16,"href":"https:\/\/it-merge.com\/index.php?rest_route=\/wp\/v2\/pages\/38\/revisions"}],"predecessor-version":[{"id":410,"href":"https:\/\/it-merge.com\/index.php?rest_route=\/wp\/v2\/pages\/38\/revisions\/410"}],"wp:attachment":[{"href":"https:\/\/it-merge.com\/index.php?rest_route=%2Fwp%2Fv2%2Fmedia&parent=38"}],"curies":[{"name":"wp","href":"https:\/\/api.w.org\/{rel}","templated":true}]}}